{"id":363,"date":"2016-07-28T23:06:21","date_gmt":"2016-07-28T23:06:21","guid":{"rendered":"http:\/\/themenectar.com\/demo\/salient-app\/?page_id=363"},"modified":"2021-04-14T14:16:08","modified_gmt":"2021-04-14T14:16:08","slug":"faq","status":"publish","type":"page","link":"https:\/\/nuevo.puentenuevo.es\/index.php\/faq\/","title":{"rendered":"Preguntas frecuentes"},"content":{"rendered":"[vc_row type=&#8221;full_width_background&#8221; full_screen_row_position=&#8221;middle&#8221; column_margin=&#8221;default&#8221; column_direction=&#8221;default&#8221; column_direction_tablet=&#8221;default&#8221; column_direction_phone=&#8221;default&#8221; bg_color=&#8221;#f7f7f7&#8243; scene_position=&#8221;center&#8221; top_padding=&#8221;100&#8243; bottom_padding=&#8221;100&#8243; text_color=&#8221;dark&#8221; text_align=&#8221;left&#8221; row_border_radius=&#8221;none&#8221; row_border_radius_applies=&#8221;bg&#8221; overlay_strength=&#8221;0.3&#8243; gradient_direction=&#8221;left_to_right&#8221; shape_divider_position=&#8221;bottom&#8221; bg_image_animation=&#8221;none&#8221;][vc_column column_padding=&#8221;no-extra-padding&#8221; column_padding_tablet=&#8221;inherit&#8221; column_padding_phone=&#8221;inherit&#8221; column_padding_position=&#8221;all&#8221; column_element_spacing=&#8221;default&#8221; background_color_opacity=&#8221;1&#8243; background_hover_color_opacity=&#8221;1&#8243; column_shadow=&#8221;none&#8221; column_border_radius=&#8221;none&#8221; column_link_target=&#8221;_self&#8221; gradient_direction=&#8221;left_to_right&#8221; overlay_strength=&#8221;0.3&#8243; width=&#8221;1\/1&#8243; tablet_width_inherit=&#8221;default&#8221; tablet_text_alignment=&#8221;default&#8221; phone_text_alignment=&#8221;default&#8221; bg_image_animation=&#8221;none&#8221; border_type=&#8221;simple&#8221; column_border_width=&#8221;none&#8221; column_border_style=&#8221;solid&#8221;][vc_column_text]\n<h2>Dudas generales<\/h2>\n[\/vc_column_text][toggles style=&#8221;minimal&#8221;][toggle color=&#8221;Default&#8221; title=&#8221;\u00bfC\u00f3mo puedo poner mi granito de arena en este proyecto?&#8221;][vc_column_text]1\u00ba Aportando tu \u00e1nimo e iniciativa para sacarlo adelante. Tus ideas son el motor del Nuevo PuenteNuevo.<br \/>\n2\u00ba Mediante donaciones al Proyecto Nuevo PuenteNuevo, encauzados a trav\u00e9s de Fundaci\u00f3n de Cultura Andaluza, cuyo r\u00e9gimen fiscal permite deducciones fiscales.[\/vc_column_text][\/toggle][toggle color=&#8221;Default&#8221; title=&#8221;\u00bfCu\u00e1ndo est\u00e1 previsto que empiecen y terminen las obras?&#8221;][vc_column_text]Ahora mismo no podemos responder con una fecha exacta. Los tr\u00e1mites burocr\u00e1ticos est\u00e1n en marcha y este verano podr\u00e1n realizarse las primeras intervenciones. El grueso de la obra se realizar\u00e1 en el curso 21-22.[\/vc_column_text][\/toggle][toggle color=&#8221;Default&#8221; title=&#8221;\u00bfQu\u00e9 ventajas fiscales tiene hacer una donaci\u00f3n al proyecto?&#8221;][vc_column_text]Las aportaciones para colaborar con el Proyecto Nuevo PuenteNuevo pueden hacerse mediante donaciones a la Fundaci\u00f3n de Cultura Andaluza. Estas donaciones pueden beneficiarse de las siguientes deducciones fiscales:<br \/>\n1. PERSONAS F\u00cdSICAS<br \/>\nLos sujetos pasivos del Impuesto sobre la Renta de las Personas F\u00edsicas tienen derecho a deducir de su cuota \u00edntegra el 75% de los primeros 150\u20ac donados y el 30% del resto de la donaci\u00f3n. La base de estas deducciones no puede exceder del 10% de la base liquidable del contribuyente.<br \/>\n2. PERSONAS JUR\u00cdDICAS<br \/>\nLos sujetos pasivos del Impuesto sobre Sociedades tendr\u00e1n de derecho a deducir de la cuota \u00edntegra el 35% de la base de deducci\u00f3n. La base de deducci\u00f3n no podr\u00e1 exceder del 10% de la base imponible del per\u00edodo impositivo.<\/p>\n<p>Posibilidad de establecer Convenios de Colaboraci\u00f3n con la Fundaci\u00f3n para obtener una mayor deducci\u00f3n de la donaci\u00f3n, hasta llegar al 100%.[\/vc_column_text][\/toggle][toggle color=&#8221;Default&#8221; title=&#8221;\u00bfAlguien me podr\u00eda explicar el proyecto en profundidad?&#8221;][vc_column_text]El proyecto est\u00e1 explicado a fondo en esta misma Website, pero estamos encantados de contactar contigo y explic\u00e1rtelo en persona. Puedes solicitarlo a trav\u00e9s de Whatsapp del Club 666 18 56 86 y del correo electr\u00f3nico cpuentenuevo@gmail.com[\/vc_column_text][\/toggle][toggle color=&#8221;Default&#8221; title=&#8221;\u00bfQu\u00e9 va a ocurrir con la antigua sede? &#8220;][vc_column_text]La antigua sede del Club es propiedad de la Fundaci\u00f3n de Cultura Andaluza, que como hasta la fecha y en virtud del acuerdo de colaboraci\u00f3n firmado con la asociaci\u00f3n Club Juvenil Puentenuevo, cede su uso al Club hasta que pueda realizar sus actividades en la nueva sede. Cuando se produzca el traslado, la propietaria dar\u00e1 ala antigua sede la utilidad que considere m\u00e1s oportuna para sus fines.[\/vc_column_text][\/toggle][toggle color=&#8221;Default&#8221; title=&#8221;\u00bfSi est\u00e1 junto a Z\u00fajar se van a unir?&#8221;][vc_column_text]El Nuevo Puente Nuevo est\u00e1 junto a Z\u00fajar, pero son realidades diversas. Puenetenuevo es una asociaci\u00f3n que tendr\u00e1 su sede en c\/ Dami\u00e1n Tellez Lafuente n\u00ba 47 y Z\u00fajar en un Centro del Opus Dei situado en la misma calle en el n\u00famero 45.\u00a0 Por otro lado,\u00a0 puesto que la formaci\u00f3n religiosa y la direcci\u00f3n es\u00ecritual de la asociaci\u00f3n est\u00e1 encargada a la Prelatura del Opus Dei, algunas de las personas que viven o se forman en Z\u00fajar colaboran activamente en la asociaci\u00f3n.[\/vc_column_text][\/toggle][toggle color=&#8221;Default&#8221; title=&#8221;\u00bfPuedo ayudar si soy Portugues? &#8220;][vc_column_text]Por supuesto que s\u00ed. Puentenuevo es un Club de familias con mentalidad abierta y universal. Por evidentes razones de vecindad est\u00e1n invitadas a participar en este proyecto las familias de Elvas y Campo Maior. De hecho con frecuencia realizamos actividades familiares, como los senderismos, en Portugal.[\/vc_column_text][\/toggle][\/toggles][\/vc_column][\/vc_row]\n","protected":false},"excerpt":{"rendered":"<p>[vc_row type=&#8221;full_width_background&#8221; full_screen_row_position=&#8221;middle&#8221; column_margin=&#8221;default&#8221; column_direction=&#8221;default&#8221; column_direction_tablet=&#8221;default&#8221; column_direction_phone=&#8221;default&#8221; bg_color=&#8221;#f7f7f7&#8243; scene_position=&#8221;center&#8221; top_padding=&#8221;100&#8243; bottom_padding=&#8221;100&#8243; text_color=&#8221;dark&#8221; text_align=&#8221;left&#8221; row_border_radius=&#8221;none&#8221; row_border_radius_applies=&#8221;bg&#8221; overlay_strength=&#8221;0.3&#8243; gradient_direction=&#8221;left_to_right&#8221; shape_divider_position=&#8221;bottom&#8221; bg_image_animation=&#8221;none&#8221;][vc_column column_padding=&#8221;no-extra-padding&#8221; column_padding_tablet=&#8221;inherit&#8221; column_padding_phone=&#8221;inherit&#8221; column_padding_position=&#8221;all&#8221; column_element_spacing=&#8221;default&#8221; background_color_opacity=&#8221;1&#8243; background_hover_color_opacity=&#8221;1&#8243; column_shadow=&#8221;none&#8221; column_border_radius=&#8221;none&#8221; column_link_target=&#8221;_self&#8221; gradient_direction=&#8221;left_to_right&#8221;&#8230;<\/p>\n","protected":false},"author":2,"featured_media":0,"parent":0,"menu_order":0,"comment_status":"closed","ping_status":"closed","template":"","meta":{"footnotes":""},"class_list":["post-363","page","type-page","status-publish"],"_links":{"self":[{"href":"https:\/\/nuevo.puentenuevo.es\/index.php\/wp-json\/wp\/v2\/pages\/363","targetHints":{"allow":["GET"]}}],"collection":[{"href":"https:\/\/nuevo.puentenuevo.es\/index.php\/wp-json\/wp\/v2\/pages"}],"about":[{"href":"https:\/\/nuevo.puentenuevo.es\/index.php\/wp-json\/wp\/v2\/types\/page"}],"author":[{"embeddable":true,"href":"https:\/\/nuevo.puentenuevo.es\/index.php\/wp-json\/wp\/v2\/users\/2"}],"replies":[{"embeddable":true,"href":"https:\/\/nuevo.puentenuevo.es\/index.php\/wp-json\/wp\/v2\/comments?post=363"}],"version-history":[{"count":6,"href":"https:\/\/nuevo.puentenuevo.es\/index.php\/wp-json\/wp\/v2\/pages\/363\/revisions"}],"predecessor-version":[{"id":4265,"href":"https:\/\/nuevo.puentenuevo.es\/index.php\/wp-json\/wp\/v2\/pages\/363\/revisions\/4265"}],"wp:attachment":[{"href":"https:\/\/nuevo.puentenuevo.es\/index.php\/wp-json\/wp\/v2\/media?parent=363"}],"curies":[{"name":"wp","href":"https:\/\/api.w.org\/{rel}","templated":true}]}}